{"id":2822,"date":"2021-04-17T10:25:14","date_gmt":"2021-04-17T08:25:14","guid":{"rendered":"http:\/\/fundament.auto.pl\/?page_id=2822"},"modified":"2021-04-17T11:13:00","modified_gmt":"2021-04-17T09:13:00","slug":"polityka-prywatnosci","status":"publish","type":"page","link":"http:\/\/fundament.auto.pl\/?page_id=2822","title":{"rendered":"Polityka prywatno\u015bci"},"content":{"rendered":"\t\t<div data-elementor-type=\"wp-page\" data-elementor-id=\"2822\" class=\"elementor elementor-2822\">\n\t\t\t\t\t\t<section class=\"elementor-section elementor-top-section elementor-element elementor-element-2c5e16b7 elementor-section-boxed elementor-section-height-default elementor-section-height-default\" data-id=\"2c5e16b7\" data-element_type=\"section\">\n\t\t\t\t\t\t<div class=\"elementor-container elementor-column-gap-default\">\n\t\t\t\t\t<div class=\"elementor-column elementor-col-100 elementor-top-column elementor-element elementor-element-12b80d70\" data-id=\"12b80d70\" data-element_type=\"column\">\n\t\t\t<div class=\"elementor-widget-wrap elementor-element-populated\">\n\t\t\t\t\t\t<div class=\"elementor-element elementor-element-49ec15f elementor-widget elementor-widget-text-editor\" data-id=\"49ec15f\" data-element_type=\"widget\" data-widget_type=\"text-editor.default\">\n\t\t\t\t<div class=\"elementor-widget-container\">\n\t\t\t\t\t\t\t<!-- wp:paragraph -->\n<p><strong>I. WST\u0118P<\/strong><\/p>\n<!-- \/wp:paragraph -->\n\n<!-- wp:paragraph -->\n<p>Z dniem 25 maja 2018 r. rozpoczyna obowi\u0105zywanie Rozporz\u0105dzenie Parlamentu Europejskiego i Rady (UE) 2016\/679 z dnia 27 kwietnia 2016 r. w sprawie ochrony os\u00f3b fizycznych w zwi\u0105zku z przetwarzaniem danych osobowych i w sprawie swobodnego przep\u0142ywu takich danych oraz uchylenia dyrektywy 95\/46\/WE (dalej: \u201eRODO\u201d). RODO obowi\u0105zywa\u0107 b\u0119dzie w identycznym zakresie we wszystkich krajach Unii Europejskiej, a wi\u0119c tak\u017ce w Polsce i wprowadza szereg zmian w zasadach reguluj\u0105cych przetwarzanie danych osobowych, kt\u00f3re b\u0119d\u0105 mia\u0142y wp\u0142yw na wiele dziedzin \u017cycia, w tym na korzystanie z us\u0142ug internetowych, takich jak mi\u0119dzy innymi us\u0142ugi \u015bwiadczone w ramach strony internetowej prowadzonej pod adresem skpdragon.pl (dalej: Strona). II. ADMINISTRATOR DANYCH OSOBOWYCH<\/p>\n<!-- \/wp:paragraph -->\n\n<!-- wp:list {\"ordered\":true} -->\n<ol><li>Administratorem danych osobowych jest Fundament Sp. z o. o. z siedzib\u0105 w Che\u0142mie, ul. Szpitalna 42\/1, 22-100 Che\u0142m,<\/li><\/ol>\n<!-- \/wp:list -->\n\n<!-- wp:paragraph -->\n<p>Kontakt z Administratorem jest mo\u017cliwy za po\u015brednictwem adresu e-mail fundament@bosch-service.pl lub poprzez adres korespondencyjny wskazany wy\u017cej.<\/p>\n<!-- \/wp:paragraph -->\n\n<!-- wp:list {\"ordered\":true,\"start\":2} -->\n<ol start=\"2\"><li>Administrator dok\u0142ada szczeg\u00f3lnej staranno\u015bci w celu ochrony interes\u00f3w os\u00f3b, kt\u00f3rych dane dotycz\u0105, a w szczeg\u00f3lno\u015bci zapewnia, \u017ce zbierane przez niego dane s\u0105 przetwarzane zgodnie z prawem: zbierane dla oznaczonych, zgodnych z prawem cel\u00f3w i niepoddawane dalszemu przetwarzaniu niezgodnemu z tymi celami; merytorycznie poprawne i adekwatne w stosunku do cel\u00f3w, w jakich s\u0105 przetwarzane oraz przechowywane w postaci umo\u017cliwiaj\u0105cej identyfikacj\u0119 os\u00f3b, kt\u00f3rych dotycz\u0105, nie d\u0142u\u017cej ni\u017c jest to niezb\u0119dne do osi\u0105gni\u0119cia celu przetwarzania.<\/li><\/ol>\n<!-- \/wp:list -->\n\n<!-- wp:paragraph -->\n<p><strong>II. DANE OSOBOWE<\/strong><\/p>\n<!-- \/wp:paragraph -->\n\n<!-- wp:paragraph -->\n<p>Rodzaje przetwarzanych danych<\/p>\n<!-- \/wp:paragraph -->\n\n<!-- wp:paragraph -->\n<p>Administrator w ramach prowadzonej Strony b\u0119dzie przetwarza\u0142 nast\u0119puj\u0105ce dane:<\/p>\n<!-- \/wp:paragraph -->\n\n<!-- wp:paragraph -->\n<p>a) w przypadku \u015bwiadczenia us\u0142ugi \u201eUm\u00f3w si\u0119 na wizyt\u0119\u201d os\u00f3b, kt\u00f3re wyrazi\u0142y na to zgod\u0119 &#8211; imi\u0119, nazwisko, numer telefonu, adres e-mail, marka i model pojazdu, numer rejestracyjny pojazdu,<\/p>\n<!-- \/wp:paragraph -->\n\n<!-- wp:paragraph -->\n<p>b) w przypadku skorzystania z formularza kontaktowego \u2013 imi\u0119, nazwisko, adres e-mail,<\/p>\n<!-- \/wp:paragraph -->\n\n<!-- wp:paragraph -->\n<p>c) w przypadku przesy\u0142ania informacji handlowych dotycz\u0105cych projekt\u00f3w marketingowych realizowanych przez Administratora os\u00f3b, kt\u00f3re wyrazi\u0142y na to zgod\u0119 &#8211; imi\u0119, nazwisko, numer telefonu, adres e-mail, marka i model pojazdu, numer rejestracyjny pojazdu,<\/p>\n<!-- \/wp:paragraph -->\n\n<!-- wp:paragraph -->\n<p>d) w przypadku tworzenia wewn\u0119trznych raport\u00f3w, analiz i statystyk \u2013 imi\u0119, nazwisko, numer telefonu, adres e-mail, marka i model pojazdu, numer rejestracyjny pojazdu.<\/p>\n<!-- \/wp:paragraph -->\n\n<!-- wp:paragraph -->\n<p><strong>III. Cele i podstawy prawne przetwarzania danych<\/strong><\/p>\n<!-- \/wp:paragraph -->\n\n<!-- wp:list {\"ordered\":true} -->\n<ol><li>Dane osobowe U\u017cytkownik\u00f3w Strony s\u0105 przetwarzane:<\/li><\/ol>\n<!-- \/wp:list -->\n\n<!-- wp:paragraph -->\n<p>a) w celu realizacji us\u0142ugi przypomnienia o terminie przegl\u0105du rejestracyjnego osobom, kt\u00f3re wyrazi\u0142y na to zgod\u0119 \u2013 podstaw\u0105 prawn\u0105 przetwarzania jest zgoda (art. 6 ust. 1 lit. a RODO);<\/p>\n<!-- \/wp:paragraph -->\n\n<!-- wp:paragraph -->\n<p>b) w celu przesy\u0142ania informacji o produktach, promocjach i ofertach osobom, kt\u00f3re wyrazi\u0142y na to zgod\u0119 &#8211; podstaw\u0105 prawn\u0105 przetwarzania jest zgoda na otrzymywanie materia\u0142\u00f3w marketingowych i handlowych za po\u015brednictwem \u015brodk\u00f3w komunikacji elektronicznej, zgodnie z ustaw\u0105 z dnia 18 lipca 2002r. o \u015bwiadczeniu us\u0142ug drog\u0105 elektroniczn\u0105 (Dz.U. 2017 r., poz. 1219 ze zm.) (art. 6 ust. 1 lit. a RODO);<\/p>\n<!-- \/wp:paragraph -->\n\n<!-- wp:paragraph -->\n<p>c) w celu identyfikacji U\u017cytkownika, kt\u00f3ry kieruje tre\u015b\u0107 zawart\u0105 w formularzu kontaktowym na Stronie oraz obs\u0142ugi jego zapytania przes\u0142anego przez udost\u0119pniony formularz \u2013 podstaw\u0105 prawn\u0105 jest zgoda (art. 6 ust. 1 lit. a) RODO);<\/p>\n<!-- \/wp:paragraph -->\n\n<!-- wp:paragraph -->\n<p>d) w celu tworzenia wewn\u0119trznych raport\u00f3w, analiz i statystyk \u2013 podstaw\u0105 prawn\u0105 przetwarzania jest realizacja uzasadnionego interesu Administratora (art. 6 ust. 1 lit. f RODO).<\/p>\n<!-- \/wp:paragraph -->\n\n<!-- wp:list {\"ordered\":true,\"start\":2} -->\n<ol start=\"2\"><li>Przekazanie danych osobowych w zakresie lit. a) powy\u017cej jest dobrowolne, jednak\u017ce nieprzekazanie danych w zakresie wskazanym formularzem uniemo\u017cliwi realizacj\u0119 us\u0142ugi \u201ePrzypomnimy o przegl\u0105dzie\u201d.<\/li><li>Podanie danych osobowych w zakresie lit. c) powy\u017cej jest dobrowolne, lecz konieczne dla wys\u0142ania wiadomo\u015bci poprzez formularz kontaktowy na Stronie, realizacji zg\u0142oszenia w odpowiedzi na wiadomo\u015b\u0107 otrzyman\u0105 poprzez formularz kontaktowy oraz udzielenia odpowiedzi na zg\u0142oszenie.<\/li><li>Dane osoby, kt\u00f3ra skorzysta\u0142a z us\u0142ugi \u201ePrzypomnimy o przegl\u0105dzie\u201d wpisane w formularzu przypomnienia zostaj\u0105 wprowadzone do odpowiedniego zbioru prowadzonego przez Administratora danych osobowych.<\/li><\/ol>\n<!-- \/wp:list -->\n\n<!-- wp:paragraph -->\n<p><strong>IV. Informacja o odbiorcach danych osobowych<\/strong><\/p>\n<!-- \/wp:paragraph -->\n\n<!-- wp:list {\"ordered\":true} -->\n<ol><li>Dane osobowe mog\u0105 zosta\u0107 powierzone podmiotom zewn\u0119trznym tylko w celach zwi\u0105zanych z realizacj\u0105 us\u0142ug \u015bwiadczonych w ramach strony internetowej Administratora. Podmiotami przetwarzaj\u0105cymi dane osobowe w imieniu administratora s\u0105: w\u0142a\u015bciciel serwera zewn\u0119trznego, dostawcy us\u0142ug IT, agencje marketingowe.<\/li><li>Administrator jest uprawniony do ujawniania danych osobowych wy\u0142\u0105cznie podmiotom upowa\u017cnionym na podstawie w\u0142a\u015bciwych i obowi\u0105zuj\u0105cych przepis\u00f3w prawa.<\/li><li>Informacje o dzia\u0142aniach niezgodnych z prawem mog\u0105 by\u0107 przekazywane firmom ubezpieczeniowym, organom administracji publicznej oraz organom \u015bcigania.<\/li><li>Dane osobowe nie b\u0119d\u0105 przekazywane odbiorcy w pa\u0144stwie trzecim lub organizacjom mi\u0119dzynarodowym.<\/li><\/ol>\n<!-- \/wp:list -->\n\n<!-- wp:paragraph -->\n<p><strong>V. Okres przetwarzania danych osobowych<\/strong><\/p>\n<!-- \/wp:paragraph -->\n\n<!-- wp:list {\"ordered\":true} -->\n<ol><li>Okres przetwarzania danych przez Administratora zale\u017cy od celu przetwarzania. Co do zasady dane przetwarzane s\u0105 przez czas \u015bwiadczenia us\u0142ugi, do czasu wycofania wyra\u017conej zgody lub zg\u0142oszenia skutecznego sprzeciwu wzgl\u0119dem przetwarzania danych w przypadkach, gdy podstaw\u0105 prawn\u0105 przetwarzania danych jest uzasadniony interes Administratora.<\/li><li>Kryteria ustalania okresu przetwarzania danych s\u0105 nast\u0119puj\u0105ce:<\/li><\/ol>\n<!-- \/wp:list -->\n\n<!-- wp:paragraph -->\n<p>a) je\u017celi podstaw\u0105 przetwarzania jest zgoda wyra\u017cona przez osob\u0119, kt\u00f3rej dane dotycz\u0105 \u2013 okres przechowywania danych osobowych trwa dop\u00f3ki nie ust\u0105pi cel przetwarzania lub osoba ta nie wycofa zgody w zakresie przetwarzania jej danych;<\/p>\n<!-- \/wp:paragraph -->\n\n<!-- wp:paragraph -->\n<p>b) je\u015bli podstaw\u0105 przetwarzania jest uzasadniony interes realizowany przez Administratora &#8211; okres przechowywania danych osobowych jest zale\u017cny od okoliczno\u015bci wskazuj\u0105cych na istnienie interesu po stronie Administratora.<\/p>\n<!-- \/wp:paragraph -->\n\n<!-- wp:paragraph -->\n<p><strong>VI. Uprawnienia U\u017cytkownika w stosunku do jego danych osobowych<\/strong><\/p>\n<!-- \/wp:paragraph -->\n\n<!-- wp:list {\"ordered\":true} -->\n<ol><li>Osobie, kt\u00f3rej dane dotycz\u0105, przys\u0142uguj\u0105 nast\u0119puj\u0105ce prawa: \u017c\u0105dania dost\u0119pu do tre\u015bci swoich danych, ich sprostowania, uzyskania kopii swoich danych, prawo do usuni\u0119cia danych (\u201eprawo do bycia zapomnianym\u201d), prawo do ograniczenia przetwarzania danych i prawo do przenoszenia danych.<\/li><li>Ponadto:<\/li><\/ol>\n<!-- \/wp:list -->\n\n<!-- wp:paragraph -->\n<p>a) je\u017celi dane osoby s\u0105 przetwarzane na podstawie zgody, o kt\u00f3rej mowa w art. 6 ust. 1 lit a) RODO, przys\u0142uguje prawo do wycofania zgody w zakresie, w jakim dane s\u0105 przetwarzane na tej podstawie.<\/p>\n<!-- \/wp:paragraph -->\n\n<!-- wp:paragraph -->\n<p>b) je\u017celi dane osobowe s\u0105 przetwarzane na podstawie uzasadnionego interesu Administratora, o kt\u00f3rym mowa w art. 6 ust. 1 lit. f) RODO, osoba, kt\u00f3rej dane dotycz\u0105 mo\u017ce w ka\u017cdym czasie sprzeciwi\u0107 si\u0119 przetwarzaniu danych osobowych;<\/p>\n<!-- \/wp:paragraph -->\n\n<!-- wp:paragraph -->\n<p>c) w przypadku uznania, \u017ce przetwarzanie danych osobowych narusza przepisy RODO lub inne przepisy dotycz\u0105ce ochrony danych osobowych, osoba, kt\u00f3rej dane dotycz\u0105, mo\u017ce z\u0142o\u017cy\u0107 skarg\u0119 do Prezesa Urz\u0119du Ochrony Danych Osobowych.<\/p>\n<!-- \/wp:paragraph -->\n\n<!-- wp:list {\"ordered\":true,\"start\":3} -->\n<ol start=\"3\"><li>W celu realizacji uprawnie\u0144, o kt\u00f3rych mowa powy\u017cej mo\u017cna kontaktowa\u0107 si\u0119 z Administratorem poprzez przes\u0142anie stosownej wiadomo\u015bci.<\/li><li>Je\u017celi w wykonaniu wymienionych powy\u017cej uprawnie\u0144 wyst\u0105pisz do nas z \u017c\u0105daniem, spe\u0142niamy to \u017c\u0105danie albo odmawiamy jego spe\u0142nienia niezw\u0142ocznie, nie p\u00f3\u017aniej jednak ni\u017c w ci\u0105gu miesi\u0105ca po jego otrzymaniu. Je\u017celi jednak z uwagi na skomplikowany charakter \u017c\u0105dania lub liczb\u0119 \u017c\u0105da\u0144 nie b\u0119dziemy mogli spe\u0142ni\u0107 Twojego \u017c\u0105dania terminie jednego miesi\u0105ca, spe\u0142nimy je w ci\u0105gu kolejnych 3 (trzech) miesi\u0119cy, informuj\u0105c Ci\u0119 uprzednio o zamierzonym przed\u0142u\u017ceniu terminu.<\/li><li>Mo\u017cesz zg\u0142asza\u0107 do nas skargi, zapytania i wnioski dotycz\u0105ce przetwarzania Twoich danych osobowych oraz realizacji przys\u0142uguj\u0105cych Ci uprawnie\u0144. Je\u017celi uwa\u017casz, \u017ce Twoje prawo do ochrony danych osobowych lub inne prawa przyznane Ci na mocy RODO zosta\u0142y naruszone, masz prawo do wniesienia skargi do Prezesa Urz\u0119du Ochrony Danych Osobowych.<\/li><\/ol>\n<!-- \/wp:list -->\t\t\t\t\t\t<\/div>\n\t\t\t\t<\/div>\n\t\t\t\t\t<\/div>\n\t\t<\/div>\n\t\t\t\t\t<\/div>\n\t\t<\/section>\n\t\t\t\t<\/div>\n\t\t","protected":false},"excerpt":{"rendered":"<p>I. WST\u0118P Z dniem 25 maja 2018 r. rozpoczyna obowi\u0105zywanie Rozporz\u0105dzenie Parlamentu Europejskiego i Rady (UE) 2016\/679 z dnia 27 kwietnia 2016 r. w sprawie ochrony os\u00f3b fizycznych w zwi\u0105zku z przetwarzaniem danych osobowych i w sprawie swobodnego przep\u0142ywu takich danych oraz uchylenia dyrektywy 95\/46\/WE (dalej: \u201eRODO\u201d). RODO obowi\u0105zywa\u0107 b\u0119dzie w identycznym zakresie we wszystkich [&hellip;]<\/p>\n","protected":false},"author":1,"featured_media":0,"parent":0,"menu_order":0,"comment_status":"closed","ping_status":"closed","template":"template\/full-width-template.php","meta":{"_monsterinsights_skip_tracking":false,"_monsterinsights_sitenote_active":false,"_monsterinsights_sitenote_note":"","_monsterinsights_sitenote_category":0,"footnotes":""},"yoast_head":"<!-- This site is optimized with the Yoast SEO plugin v22.8 - https:\/\/yoast.com\/wordpress\/plugins\/seo\/ -->\n<title>Polityka prywatno\u015bci - Fundament<\/title>\n<meta name=\"robots\" content=\"index, follow, max-snippet:-1, max-image-preview:large, max-video-preview:-1\" \/>\n<link rel=\"canonical\" href=\"http:\/\/fundament.auto.pl\/?page_id=2822\" \/>\n<meta property=\"og:locale\" content=\"pl_PL\" \/>\n<meta property=\"og:type\" content=\"article\" \/>\n<meta property=\"og:title\" content=\"Polityka prywatno\u015bci - Fundament\" \/>\n<meta property=\"og:description\" content=\"I. WST\u0118P Z dniem 25 maja 2018 r. rozpoczyna obowi\u0105zywanie Rozporz\u0105dzenie Parlamentu Europejskiego i Rady (UE) 2016\/679 z dnia 27 kwietnia 2016 r. w sprawie ochrony os\u00f3b fizycznych w zwi\u0105zku z przetwarzaniem danych osobowych i w sprawie swobodnego przep\u0142ywu takich danych oraz uchylenia dyrektywy 95\/46\/WE (dalej: \u201eRODO\u201d). RODO obowi\u0105zywa\u0107 b\u0119dzie w identycznym zakresie we wszystkich [&hellip;]\" \/>\n<meta property=\"og:url\" content=\"http:\/\/fundament.auto.pl\/?page_id=2822\" \/>\n<meta property=\"og:site_name\" content=\"Fundament\" \/>\n<meta property=\"article:modified_time\" content=\"2021-04-17T09:13:00+00:00\" \/>\n<meta name=\"twitter:card\" content=\"summary_large_image\" \/>\n<meta name=\"twitter:label1\" content=\"Szacowany czas czytania\" \/>\n\t<meta name=\"twitter:data1\" content=\"6 minut\" \/>\n<script type=\"application\/ld+json\" class=\"yoast-schema-graph\">{\"@context\":\"https:\/\/schema.org\",\"@graph\":[{\"@type\":\"WebPage\",\"@id\":\"http:\/\/fundament.auto.pl\/?page_id=2822\",\"url\":\"http:\/\/fundament.auto.pl\/?page_id=2822\",\"name\":\"Polityka prywatno\u015bci - Fundament\",\"isPartOf\":{\"@id\":\"http:\/\/fundament.auto.pl\/#website\"},\"datePublished\":\"2021-04-17T08:25:14+00:00\",\"dateModified\":\"2021-04-17T09:13:00+00:00\",\"breadcrumb\":{\"@id\":\"http:\/\/fundament.auto.pl\/?page_id=2822#breadcrumb\"},\"inLanguage\":\"pl-PL\",\"potentialAction\":[{\"@type\":\"ReadAction\",\"target\":[\"http:\/\/fundament.auto.pl\/?page_id=2822\"]}]},{\"@type\":\"BreadcrumbList\",\"@id\":\"http:\/\/fundament.auto.pl\/?page_id=2822#breadcrumb\",\"itemListElement\":[{\"@type\":\"ListItem\",\"position\":1,\"name\":\"Strona g\u0142\u00f3wna\",\"item\":\"http:\/\/fundament.auto.pl\/\"},{\"@type\":\"ListItem\",\"position\":2,\"name\":\"Polityka prywatno\u015bci\"}]},{\"@type\":\"WebSite\",\"@id\":\"http:\/\/fundament.auto.pl\/#website\",\"url\":\"http:\/\/fundament.auto.pl\/\",\"name\":\"Fundament\",\"description\":\"Licencjonowany serwis Bosch w Che\u0142mie\",\"potentialAction\":[{\"@type\":\"SearchAction\",\"target\":{\"@type\":\"EntryPoint\",\"urlTemplate\":\"http:\/\/fundament.auto.pl\/?s={search_term_string}\"},\"query-input\":\"required name=search_term_string\"}],\"inLanguage\":\"pl-PL\"}]}<\/script>\n<!-- \/ Yoast SEO plugin. -->","yoast_head_json":{"title":"Polityka prywatno\u015bci - Fundament","robots":{"index":"index","follow":"follow","max-snippet":"max-snippet:-1","max-image-preview":"max-image-preview:large","max-video-preview":"max-video-preview:-1"},"canonical":"http:\/\/fundament.auto.pl\/?page_id=2822","og_locale":"pl_PL","og_type":"article","og_title":"Polityka prywatno\u015bci - Fundament","og_description":"I. WST\u0118P Z dniem 25 maja 2018 r. rozpoczyna obowi\u0105zywanie Rozporz\u0105dzenie Parlamentu Europejskiego i Rady (UE) 2016\/679 z dnia 27 kwietnia 2016 r. w sprawie ochrony os\u00f3b fizycznych w zwi\u0105zku z przetwarzaniem danych osobowych i w sprawie swobodnego przep\u0142ywu takich danych oraz uchylenia dyrektywy 95\/46\/WE (dalej: \u201eRODO\u201d). RODO obowi\u0105zywa\u0107 b\u0119dzie w identycznym zakresie we wszystkich [&hellip;]","og_url":"http:\/\/fundament.auto.pl\/?page_id=2822","og_site_name":"Fundament","article_modified_time":"2021-04-17T09:13:00+00:00","twitter_card":"summary_large_image","twitter_misc":{"Szacowany czas czytania":"6 minut"},"schema":{"@context":"https:\/\/schema.org","@graph":[{"@type":"WebPage","@id":"http:\/\/fundament.auto.pl\/?page_id=2822","url":"http:\/\/fundament.auto.pl\/?page_id=2822","name":"Polityka prywatno\u015bci - Fundament","isPartOf":{"@id":"http:\/\/fundament.auto.pl\/#website"},"datePublished":"2021-04-17T08:25:14+00:00","dateModified":"2021-04-17T09:13:00+00:00","breadcrumb":{"@id":"http:\/\/fundament.auto.pl\/?page_id=2822#breadcrumb"},"inLanguage":"pl-PL","potentialAction":[{"@type":"ReadAction","target":["http:\/\/fundament.auto.pl\/?page_id=2822"]}]},{"@type":"BreadcrumbList","@id":"http:\/\/fundament.auto.pl\/?page_id=2822#breadcrumb","itemListElement":[{"@type":"ListItem","position":1,"name":"Strona g\u0142\u00f3wna","item":"http:\/\/fundament.auto.pl\/"},{"@type":"ListItem","position":2,"name":"Polityka prywatno\u015bci"}]},{"@type":"WebSite","@id":"http:\/\/fundament.auto.pl\/#website","url":"http:\/\/fundament.auto.pl\/","name":"Fundament","description":"Licencjonowany serwis Bosch w Che\u0142mie","potentialAction":[{"@type":"SearchAction","target":{"@type":"EntryPoint","urlTemplate":"http:\/\/fundament.auto.pl\/?s={search_term_string}"},"query-input":"required name=search_term_string"}],"inLanguage":"pl-PL"}]}},"_links":{"self":[{"href":"http:\/\/fundament.auto.pl\/index.php?rest_route=\/wp\/v2\/pages\/2822"}],"collection":[{"href":"http:\/\/fundament.auto.pl\/index.php?rest_route=\/wp\/v2\/pages"}],"about":[{"href":"http:\/\/fundament.auto.pl\/index.php?rest_route=\/wp\/v2\/types\/page"}],"author":[{"embeddable":true,"href":"http:\/\/fundament.auto.pl\/index.php?rest_route=\/wp\/v2\/users\/1"}],"replies":[{"embeddable":true,"href":"http:\/\/fundament.auto.pl\/index.php?rest_route=%2Fwp%2Fv2%2Fcomments&post=2822"}],"version-history":[{"count":4,"href":"http:\/\/fundament.auto.pl\/index.php?rest_route=\/wp\/v2\/pages\/2822\/revisions"}],"predecessor-version":[{"id":2828,"href":"http:\/\/fundament.auto.pl\/index.php?rest_route=\/wp\/v2\/pages\/2822\/revisions\/2828"}],"wp:attachment":[{"href":"http:\/\/fundament.auto.pl\/index.php?rest_route=%2Fwp%2Fv2%2Fmedia&parent=2822"}],"curies":[{"name":"wp","href":"https:\/\/api.w.org\/{rel}","templated":true}]}}